{"id":10602,"date":"2021-08-28T11:07:20","date_gmt":"2021-01-22T10:07:21","guid":{"rendered":"https:\/\/glabmilano.it\/?post_type=product&#038;p=10602"},"modified":"2021-03-15T17:00:05","modified_gmt":"2021-03-15T16:00:05","slug":"sottobicchieri-ghirlande","status":"publish","type":"product","link":"https:\/\/glabmilano.it\/en\/shop\/product\/sottobicchieri-ghirlande\/","title":{"rendered":"Sottobicchieri Ghirlande"},"content":{"rendered":"<p>Coasters garlands available in different sizes and variants.<br \/>\nUse them as coasters, as a table decoration or for your home<\/p>\n<p>Maximum external measurement:<br \/>\nSimple small \u00f810 cm<\/p>\n<p>Simple large \u00f815 cm<\/p>\n<p>Worked \u00f813 cm<\/p>\n","protected":false},"excerpt":{"rendered":"<p>Coasters garlands available in different sizes and variants. Use them as coasters, as a table decoration or for your home Maximum external measurement: Simple small \u00f810 cm Simple large \u00f815 cm Worked \u00f813 cm<\/p>\n","protected":false},"featured_media":4436,"template":"","meta":{"_acf_changed":false,"rank_math_lock_modified_date":false,"inline_featured_image":false},"product_cat":[499],"product_tag":[],"class_list":["post-10602","product","type-product","status-publish","has-post-thumbnail","hentry","product_cat-accessories"],"acf":[],"_links":{"self":[{"href":"https:\/\/glabmilano.it\/en\/wp-json\/wp\/v2\/product\/10602"}],"collection":[{"href":"https:\/\/glabmilano.it\/en\/wp-json\/wp\/v2\/product"}],"about":[{"href":"https:\/\/glabmilano.it\/en\/wp-json\/wp\/v2\/types\/product"}],"wp:featuredmedia":[{"embeddable":true,"href":"https:\/\/glabmilano.it\/en\/wp-json\/wp\/v2\/media\/4436"}],"wp:attachment":[{"href":"https:\/\/glabmilano.it\/en\/wp-json\/wp\/v2\/media?parent=10602"}],"wp:term":[{"taxonomy":"product_cat","embeddable":true,"href":"https:\/\/glabmilano.it\/en\/wp-json\/wp\/v2\/product_cat?post=10602"},{"taxonomy":"product_tag","embeddable":true,"href":"https:\/\/glabmilano.it\/en\/wp-json\/wp\/v2\/product_tag?post=10602"}],"curies":[{"name":"wp","href":"https:\/\/api.w.org\/{rel}","templated":true}]}}