{"id":2593,"date":"2020-05-15T14:22:07","date_gmt":"2020-05-15T12:22:07","guid":{"rendered":"https:\/\/glabmilano.it\/product\/tavolo-circle\/"},"modified":"2021-03-15T17:53:42","modified_gmt":"2021-03-15T16:53:42","slug":"tavolo-circle","status":"publish","type":"product","link":"https:\/\/glabmilano.it\/en\/shop\/product\/tavolo-circle\/","title":{"rendered":"Tavolo circle"},"content":{"rendered":"<p>Low tables, black iron structure or gold finish on iron Top hand-painted wood, faux marble or concrete finish<\/p>\n<p>Measures:<br \/>\nS \u00f835 cm h 54 cm<br \/>\nM \u00f850 cm h 40 cm<br \/>\nL \u00f870 cm h 46 cm<\/p>\n","protected":false},"excerpt":{"rendered":"<p>Low tables, black iron structure or gold finish on iron Top hand-painted wood, faux marble or concrete finish Measures: S \u00f835 cm h 54 cm M \u00f850 cm h 40 cm L \u00f870 cm h 46 cm<\/p>\n","protected":false},"featured_media":2325,"template":"","meta":{"_acf_changed":false,"rank_math_lock_modified_date":false,"inline_featured_image":false},"product_cat":[1091],"product_tag":[],"class_list":["post-2593","product","type-product","status-publish","has-post-thumbnail","hentry","product_cat-coffee-table"],"acf":[],"_links":{"self":[{"href":"https:\/\/glabmilano.it\/en\/wp-json\/wp\/v2\/product\/2593"}],"collection":[{"href":"https:\/\/glabmilano.it\/en\/wp-json\/wp\/v2\/product"}],"about":[{"href":"https:\/\/glabmilano.it\/en\/wp-json\/wp\/v2\/types\/product"}],"wp:featuredmedia":[{"embeddable":true,"href":"https:\/\/glabmilano.it\/en\/wp-json\/wp\/v2\/media\/2325"}],"wp:attachment":[{"href":"https:\/\/glabmilano.it\/en\/wp-json\/wp\/v2\/media?parent=2593"}],"wp:term":[{"taxonomy":"product_cat","embeddable":true,"href":"https:\/\/glabmilano.it\/en\/wp-json\/wp\/v2\/product_cat?post=2593"},{"taxonomy":"product_tag","embeddable":true,"href":"https:\/\/glabmilano.it\/en\/wp-json\/wp\/v2\/product_tag?post=2593"}],"curies":[{"name":"wp","href":"https:\/\/api.w.org\/{rel}","templated":true}]}}