{"id":2852,"date":"2020-05-06T15:36:14","date_gmt":"2020-05-06T13:36:14","guid":{"rendered":"https:\/\/glabmilano.it\/product\/gabbiette\/"},"modified":"2020-05-06T15:36:14","modified_gmt":"2020-05-06T13:36:14","slug":"gabbiette","status":"publish","type":"product","link":"https:\/\/glabmilano.it\/en\/shop\/product\/gabbiette\/","title":{"rendered":"Gabbiette"},"content":{"rendered":"<p>The classic magazine cage with our message of freedom, black iron structure, brass details.<\/p>\n<p>Available:<br \/>\nCats h 41\u00f825<br \/>\n<span lang=\"en\">Chameleons <\/span> h 40 \u00f825<br \/>\nBirds h 45 \u00f827<\/p>\n","protected":false},"excerpt":{"rendered":"<p>The classic magazine cage with our message of freedom, black iron structure, brass details. Available: Cats h 41\u00f825 Chameleons h 40 \u00f825 Birds h 45 \u00f827<\/p>\n","protected":false},"featured_media":2010,"template":"","meta":{"_acf_changed":false,"rank_math_lock_modified_date":false,"inline_featured_image":false},"product_cat":[499],"product_tag":[],"class_list":["post-2852","product","type-product","status-publish","has-post-thumbnail","hentry","product_cat-accessories"],"acf":[],"_links":{"self":[{"href":"https:\/\/glabmilano.it\/en\/wp-json\/wp\/v2\/product\/2852"}],"collection":[{"href":"https:\/\/glabmilano.it\/en\/wp-json\/wp\/v2\/product"}],"about":[{"href":"https:\/\/glabmilano.it\/en\/wp-json\/wp\/v2\/types\/product"}],"wp:featuredmedia":[{"embeddable":true,"href":"https:\/\/glabmilano.it\/en\/wp-json\/wp\/v2\/media\/2010"}],"wp:attachment":[{"href":"https:\/\/glabmilano.it\/en\/wp-json\/wp\/v2\/media?parent=2852"}],"wp:term":[{"taxonomy":"product_cat","embeddable":true,"href":"https:\/\/glabmilano.it\/en\/wp-json\/wp\/v2\/product_cat?post=2852"},{"taxonomy":"product_tag","embeddable":true,"href":"https:\/\/glabmilano.it\/en\/wp-json\/wp\/v2\/product_tag?post=2852"}],"curies":[{"name":"wp","href":"https:\/\/api.w.org\/{rel}","templated":true}]}}